{"id":187971,"date":"2024-11-05T11:40:55","date_gmt":"2024-11-05T10:40:55","guid":{"rendered":"https:\/\/bayerproperty.com\/impresszum\/"},"modified":"2025-06-30T11:47:18","modified_gmt":"2025-06-30T09:47:18","slug":"impresszum","status":"publish","type":"page","link":"https:\/\/bayerproperty.com\/en\/impresszum\/","title":{"rendered":"Company information"},"content":{"rendered":"<section class=\"l-section wpb_row height_custom\"><div class=\"l-section-h i-cf\"><div class=\"g-cols vc_row via_grid cols_1 laptops-cols_inherit tablets-cols_inherit mobiles-cols_1 valign_top type_default stacking_default\"><div class=\"wpb_column vc_column_container\"><div class=\"vc_column-inner\"><h1 class=\"w-post-elm post_title entry-title color_link_inherit\">Company information<\/h1><div class=\"w-separator size_large\"><\/div><div class=\"wpb_text_column\"><div class=\"wpb_wrapper\"><p>Name:<br \/>\n<strong>Bayer Property Ingatlanfejleszt\u0151 Zrt.<\/strong><\/p>\n<p>Headquarters:<br \/>\n<strong>2038. S\u00f3sk\u00fat, Homokb\u00e1nya \u00fat 3.<\/strong><\/p>\n<p>Mailing address:<br \/>\n<strong>1119 Budapest, Vahot utca 10\/B.<\/strong><\/p>\n<p>Tax number:<br \/>\n<strong>26798008-2-13<\/strong><\/p>\n<p>Company registration number:<br \/>\n<strong>13 10 041948<\/strong><\/p>\n<p>Bank account number:<br \/>\n<strong>11600006-00000000-84678113<\/strong><\/p>\n<p>IBAN number:<br \/>\n<strong>HU81 1160 0006 0000 0000 84678113<\/strong><\/p>\n<\/div><\/div><\/div><\/div><\/div><\/div><\/section>\n","protected":false},"excerpt":{"rendered":"Company informationName: Bayer Property Ingatlanfejleszt\u0151 Zrt. Headquarters: 2038. S\u00f3sk\u00fat, Homokb\u00e1nya \u00fat 3. Mailing address: 1119 Budapest, Vahot utca 10\/B. Tax number: 26798008-2-13 Company registration number: 13 10 041948 Bank account number: 11600006-00000000-84678113 IBAN number: HU81 1160 0006 0000 0000 84678113","protected":false},"author":1,"featured_media":0,"parent":0,"menu_order":0,"comment_status":"closed","ping_status":"closed","template":"","meta":{"_acf_changed":false,"footnotes":""},"class_list":["post-187971","page","type-page","status-publish","hentry"],"acf":[],"yoast_head":"<!-- This site is optimized with the Yoast SEO plugin v27.4 - https:\/\/yoast.com\/product\/yoast-seo-wordpress\/ -->\n<title>Company information - Bayer Property<\/title>\n<meta name=\"robots\" content=\"index, follow, max-snippet:-1, max-image-preview:large, max-video-preview:-1\" \/>\n<link rel=\"canonical\" href=\"https:\/\/bayerproperty.com\/en\/impresszum\/\" \/>\n<meta property=\"og:locale\" content=\"en_US\" \/>\n<meta property=\"og:type\" content=\"article\" \/>\n<meta property=\"og:title\" content=\"Company information - Bayer Property\" \/>\n<meta property=\"og:url\" content=\"https:\/\/bayerproperty.com\/en\/impresszum\/\" \/>\n<meta property=\"og:site_name\" content=\"Bayer Property\" \/>\n<meta property=\"article:publisher\" content=\"https:\/\/www.facebook.com\/bayerproperty\" \/>\n<meta property=\"article:modified_time\" content=\"2025-06-30T09:47:18+00:00\" \/>\n<meta name=\"twitter:card\" content=\"summary_large_image\" \/>\n<meta name=\"twitter:label1\" content=\"Est. reading time\" \/>\n\t<meta name=\"twitter:data1\" content=\"1 minute\" \/>\n<script type=\"application\/ld+json\" class=\"yoast-schema-graph\">{\"@context\":\"https:\\\/\\\/schema.org\",\"@graph\":[{\"@type\":\"WebPage\",\"@id\":\"https:\\\/\\\/bayerproperty.com\\\/en\\\/impresszum\\\/\",\"url\":\"https:\\\/\\\/bayerproperty.com\\\/en\\\/impresszum\\\/\",\"name\":\"Company information - Bayer Property\",\"isPartOf\":{\"@id\":\"https:\\\/\\\/bayerproperty.com\\\/en\\\/#website\"},\"datePublished\":\"2024-11-05T10:40:55+00:00\",\"dateModified\":\"2025-06-30T09:47:18+00:00\",\"breadcrumb\":{\"@id\":\"https:\\\/\\\/bayerproperty.com\\\/en\\\/impresszum\\\/#breadcrumb\"},\"inLanguage\":\"en-US\",\"potentialAction\":[{\"@type\":\"ReadAction\",\"target\":[\"https:\\\/\\\/bayerproperty.com\\\/en\\\/impresszum\\\/\"]}]},{\"@type\":\"BreadcrumbList\",\"@id\":\"https:\\\/\\\/bayerproperty.com\\\/en\\\/impresszum\\\/#breadcrumb\",\"itemListElement\":[{\"@type\":\"ListItem\",\"position\":1,\"name\":\"Kezd\u0151lap\",\"item\":\"https:\\\/\\\/bayerproperty.com\\\/en\\\/\"},{\"@type\":\"ListItem\",\"position\":2,\"name\":\"Company information\"}]},{\"@type\":\"WebSite\",\"@id\":\"https:\\\/\\\/bayerproperty.com\\\/en\\\/#website\",\"url\":\"https:\\\/\\\/bayerproperty.com\\\/en\\\/\",\"name\":\"Bayer Property\",\"description\":\"A J\u00d6V\u0150T \u00c9P\u00cdTJ\u00dcK!\",\"publisher\":{\"@id\":\"https:\\\/\\\/bayerproperty.com\\\/en\\\/#organization\"},\"potentialAction\":[{\"@type\":\"SearchAction\",\"target\":{\"@type\":\"EntryPoint\",\"urlTemplate\":\"https:\\\/\\\/bayerproperty.com\\\/en\\\/?s={search_term_string}\"},\"query-input\":{\"@type\":\"PropertyValueSpecification\",\"valueRequired\":true,\"valueName\":\"search_term_string\"}}],\"inLanguage\":\"en-US\"},{\"@type\":\"Organization\",\"@id\":\"https:\\\/\\\/bayerproperty.com\\\/en\\\/#organization\",\"name\":\"Bayer Property\",\"url\":\"https:\\\/\\\/bayerproperty.com\\\/en\\\/\",\"logo\":{\"@type\":\"ImageObject\",\"inLanguage\":\"en-US\",\"@id\":\"https:\\\/\\\/bayerproperty.com\\\/en\\\/#\\\/schema\\\/logo\\\/image\\\/\",\"url\":\"https:\\\/\\\/bayerproperty.com\\\/wp-content\\\/uploads\\\/2024\\\/06\\\/bayer_property_c.png\",\"contentUrl\":\"https:\\\/\\\/bayerproperty.com\\\/wp-content\\\/uploads\\\/2024\\\/06\\\/bayer_property_c.png\",\"width\":569,\"height\":232,\"caption\":\"Bayer Property\"},\"image\":{\"@id\":\"https:\\\/\\\/bayerproperty.com\\\/en\\\/#\\\/schema\\\/logo\\\/image\\\/\"},\"sameAs\":[\"https:\\\/\\\/www.facebook.com\\\/bayerproperty\",\"https:\\\/\\\/www.linkedin.com\\\/company\\\/bayer-construct-zrt\",\"https:\\\/\\\/www.instagram.com\\\/bayerproperty\\\/\"]}]}<\/script>\n<!-- \/ Yoast SEO plugin. -->","yoast_head_json":{"title":"Company information - Bayer Property","robots":{"index":"index","follow":"follow","max-snippet":"max-snippet:-1","max-image-preview":"max-image-preview:large","max-video-preview":"max-video-preview:-1"},"canonical":"https:\/\/bayerproperty.com\/en\/impresszum\/","og_locale":"en_US","og_type":"article","og_title":"Company information - Bayer Property","og_url":"https:\/\/bayerproperty.com\/en\/impresszum\/","og_site_name":"Bayer Property","article_publisher":"https:\/\/www.facebook.com\/bayerproperty","article_modified_time":"2025-06-30T09:47:18+00:00","twitter_card":"summary_large_image","twitter_misc":{"Est. reading time":"1 minute"},"schema":{"@context":"https:\/\/schema.org","@graph":[{"@type":"WebPage","@id":"https:\/\/bayerproperty.com\/en\/impresszum\/","url":"https:\/\/bayerproperty.com\/en\/impresszum\/","name":"Company information - Bayer Property","isPartOf":{"@id":"https:\/\/bayerproperty.com\/en\/#website"},"datePublished":"2024-11-05T10:40:55+00:00","dateModified":"2025-06-30T09:47:18+00:00","breadcrumb":{"@id":"https:\/\/bayerproperty.com\/en\/impresszum\/#breadcrumb"},"inLanguage":"en-US","potentialAction":[{"@type":"ReadAction","target":["https:\/\/bayerproperty.com\/en\/impresszum\/"]}]},{"@type":"BreadcrumbList","@id":"https:\/\/bayerproperty.com\/en\/impresszum\/#breadcrumb","itemListElement":[{"@type":"ListItem","position":1,"name":"Kezd\u0151lap","item":"https:\/\/bayerproperty.com\/en\/"},{"@type":"ListItem","position":2,"name":"Company information"}]},{"@type":"WebSite","@id":"https:\/\/bayerproperty.com\/en\/#website","url":"https:\/\/bayerproperty.com\/en\/","name":"Bayer Property","description":"A J\u00d6V\u0150T \u00c9P\u00cdTJ\u00dcK!","publisher":{"@id":"https:\/\/bayerproperty.com\/en\/#organization"},"potentialAction":[{"@type":"SearchAction","target":{"@type":"EntryPoint","urlTemplate":"https:\/\/bayerproperty.com\/en\/?s={search_term_string}"},"query-input":{"@type":"PropertyValueSpecification","valueRequired":true,"valueName":"search_term_string"}}],"inLanguage":"en-US"},{"@type":"Organization","@id":"https:\/\/bayerproperty.com\/en\/#organization","name":"Bayer Property","url":"https:\/\/bayerproperty.com\/en\/","logo":{"@type":"ImageObject","inLanguage":"en-US","@id":"https:\/\/bayerproperty.com\/en\/#\/schema\/logo\/image\/","url":"https:\/\/bayerproperty.com\/wp-content\/uploads\/2024\/06\/bayer_property_c.png","contentUrl":"https:\/\/bayerproperty.com\/wp-content\/uploads\/2024\/06\/bayer_property_c.png","width":569,"height":232,"caption":"Bayer Property"},"image":{"@id":"https:\/\/bayerproperty.com\/en\/#\/schema\/logo\/image\/"},"sameAs":["https:\/\/www.facebook.com\/bayerproperty","https:\/\/www.linkedin.com\/company\/bayer-construct-zrt","https:\/\/www.instagram.com\/bayerproperty\/"]}]}},"_links":{"self":[{"href":"https:\/\/bayerproperty.com\/en\/wp-json\/wp\/v2\/pages\/187971","targetHints":{"allow":["GET"]}}],"collection":[{"href":"https:\/\/bayerproperty.com\/en\/wp-json\/wp\/v2\/pages"}],"about":[{"href":"https:\/\/bayerproperty.com\/en\/wp-json\/wp\/v2\/types\/page"}],"author":[{"embeddable":true,"href":"https:\/\/bayerproperty.com\/en\/wp-json\/wp\/v2\/users\/1"}],"replies":[{"embeddable":true,"href":"https:\/\/bayerproperty.com\/en\/wp-json\/wp\/v2\/comments?post=187971"}],"version-history":[{"count":0,"href":"https:\/\/bayerproperty.com\/en\/wp-json\/wp\/v2\/pages\/187971\/revisions"}],"wp:attachment":[{"href":"https:\/\/bayerproperty.com\/en\/wp-json\/wp\/v2\/media?parent=187971"}],"curies":[{"name":"wp","href":"https:\/\/api.w.org\/{rel}","templated":true}]}}